{"id":11,"date":"2014-05-20T15:12:12","date_gmt":"2014-05-20T15:12:12","guid":{"rendered":"http:\/\/www3.kaiserhof-siegburg.de\/?page_id=11"},"modified":"2025-03-28T06:41:38","modified_gmt":"2025-03-28T06:41:38","slug":"restaurant","status":"publish","type":"page","link":"https:\/\/www.kaiserhof-siegburg.de\/?page_id=11","title":{"rendered":"Restaurant"},"content":{"rendered":"<blockquote><p>Unser hochwertiges Speiserestaurant geh\u00f6rt zu den besten dieser Region. Hier kann der Gast eine ausgezeichnete saisonale und regionale K\u00fcche mit frischen Zutaten und mediterranem Einfluss erwarten. Zu den k\u00f6stlichen Speisen gibt es eine exquisite Weinkarte mit edlen Tropfen und ein gepflegtes Bier vom Fass. In unserer behaglichen Brasserie mit Terrasse in der Fu\u00dfg\u00e4ngerzone k\u00f6nnen Sie den Tag gem\u00fctlich ausklingen lassen.<\/p>\n<p>Bitte haben Sie Verst\u00e4ndnis daf\u00fcr das in unserem Restaurant keine Hunde erlaubt sind.<\/p><\/blockquote>\n<p><a href=\"?page_id=417\"><img decoding=\"async\" class=\" alignright\" src=\"http:\/\/www3.kaiserhof-siegburg.de\/wp-content\/uploads\/2016\/03\/button1.png\" alt=\"\" border=\"0\" \/><\/a><\/p>\n","protected":false},"excerpt":{"rendered":"<p>Unser hochwertiges Speiserestaurant geh\u00f6rt zu den besten dieser Region. Hier kann der Gast eine ausgezeichnete saisonale und regionale K\u00fcche mit frischen Zutaten und mediterranem Einfluss erwarten. Zu den k\u00f6stlichen Speisen gibt es eine exquisite Weinkarte mit edlen Tropfen und ein gepflegtes Bier vom Fass. In unserer behaglichen Brasserie mit Terrasse in der Fu\u00dfg\u00e4ngerzone k\u00f6nnen Sie [&hellip;]<\/p>\n","protected":false},"author":1,"featured_media":0,"parent":0,"menu_order":0,"comment_status":"closed","ping_status":"closed","template":"","meta":{"footnotes":""},"class_list":["post-11","page","type-page","status-publish","hentry"],"_links":{"self":[{"href":"https:\/\/www.kaiserhof-siegburg.de\/index.php?rest_route=\/wp\/v2\/pages\/11","targetHints":{"allow":["GET"]}}],"collection":[{"href":"https:\/\/www.kaiserhof-siegburg.de\/index.php?rest_route=\/wp\/v2\/pages"}],"about":[{"href":"https:\/\/www.kaiserhof-siegburg.de\/index.php?rest_route=\/wp\/v2\/types\/page"}],"author":[{"embeddable":true,"href":"https:\/\/www.kaiserhof-siegburg.de\/index.php?rest_route=\/wp\/v2\/users\/1"}],"replies":[{"embeddable":true,"href":"https:\/\/www.kaiserhof-siegburg.de\/index.php?rest_route=%2Fwp%2Fv2%2Fcomments&post=11"}],"version-history":[{"count":13,"href":"https:\/\/www.kaiserhof-siegburg.de\/index.php?rest_route=\/wp\/v2\/pages\/11\/revisions"}],"predecessor-version":[{"id":1567,"href":"https:\/\/www.kaiserhof-siegburg.de\/index.php?rest_route=\/wp\/v2\/pages\/11\/revisions\/1567"}],"wp:attachment":[{"href":"https:\/\/www.kaiserhof-siegburg.de\/index.php?rest_route=%2Fwp%2Fv2%2Fmedia&parent=11"}],"curies":[{"name":"wp","href":"https:\/\/api.w.org\/{rel}","templated":true}]}}