{"id":142,"date":"2014-08-29T09:42:41","date_gmt":"2014-08-29T09:42:41","guid":{"rendered":"http:\/\/www3.kaiserhof-siegburg.de\/?page_id=142"},"modified":"2023-08-11T15:15:17","modified_gmt":"2023-08-11T15:15:17","slug":"appartement","status":"publish","type":"page","link":"https:\/\/www.kaiserhof-siegburg.de\/?page_id=142","title":{"rendered":"Appartement"},"content":{"rendered":"<p>modernes Appartement mit zwei Schlafzimmer, einmal mit einem Doppelbett (Einzelmatrazen)<\/p>\n<p>sowie einem Einzelzimmer mit der M\u00f6glichkeit eines Zustellbettes,<\/p>\n<p>beide R\u00e4ume mit LCD Fernseher, Telefon, WLan-Wifi,<\/p>\n<p>Schreibtisch, gro\u00dfes Badezimmer mit Dusche, Badewanne, Bidet, F\u00f6n<\/p>\n<p>= dieses Zimmer ist nicht \u00fcber Internet buchbar, bitte fragen Sie per email oder telefonisch an.<\/p>\n<h3><\/h3>\n","protected":false},"excerpt":{"rendered":"<p>modernes Appartement mit zwei Schlafzimmer, einmal mit einem Doppelbett (Einzelmatrazen) sowie einem Einzelzimmer mit der M\u00f6glichkeit eines Zustellbettes, beide R\u00e4ume mit LCD Fernseher, Telefon, WLan-Wifi, Schreibtisch, gro\u00dfes Badezimmer mit Dusche, Badewanne, Bidet, F\u00f6n = dieses Zimmer ist nicht \u00fcber Internet buchbar, bitte fragen Sie per email oder telefonisch an.<\/p>\n","protected":false},"author":1,"featured_media":0,"parent":0,"menu_order":0,"comment_status":"closed","ping_status":"closed","template":"","meta":{"footnotes":""},"class_list":["post-142","page","type-page","status-publish","hentry"],"_links":{"self":[{"href":"https:\/\/www.kaiserhof-siegburg.de\/index.php?rest_route=\/wp\/v2\/pages\/142","targetHints":{"allow":["GET"]}}],"collection":[{"href":"https:\/\/www.kaiserhof-siegburg.de\/index.php?rest_route=\/wp\/v2\/pages"}],"about":[{"href":"https:\/\/www.kaiserhof-siegburg.de\/index.php?rest_route=\/wp\/v2\/types\/page"}],"author":[{"embeddable":true,"href":"https:\/\/www.kaiserhof-siegburg.de\/index.php?rest_route=\/wp\/v2\/users\/1"}],"replies":[{"embeddable":true,"href":"https:\/\/www.kaiserhof-siegburg.de\/index.php?rest_route=%2Fwp%2Fv2%2Fcomments&post=142"}],"version-history":[{"count":5,"href":"https:\/\/www.kaiserhof-siegburg.de\/index.php?rest_route=\/wp\/v2\/pages\/142\/revisions"}],"predecessor-version":[{"id":1362,"href":"https:\/\/www.kaiserhof-siegburg.de\/index.php?rest_route=\/wp\/v2\/pages\/142\/revisions\/1362"}],"wp:attachment":[{"href":"https:\/\/www.kaiserhof-siegburg.de\/index.php?rest_route=%2Fwp%2Fv2%2Fmedia&parent=142"}],"curies":[{"name":"wp","href":"https:\/\/api.w.org\/{rel}","templated":true}]}}