{"id":2,"date":"2014-05-09T04:35:09","date_gmt":"2014-05-09T04:35:09","guid":{"rendered":"http:\/\/localhost\/wordpress-3.9.1\/wordpress\/?page_id=2"},"modified":"2022-12-27T13:45:28","modified_gmt":"2022-12-27T13:45:28","slug":"sample-page","status":"publish","type":"page","link":"https:\/\/www.kaiserhof-siegburg.de\/","title":{"rendered":"Home"},"content":{"rendered":"<div id=\"metaslider-id-1217\" style=\"width: 100%;\" class=\"ml-slider-3-105-0 metaslider metaslider-flex metaslider-1217 ml-slider has-dots-nav ms-theme-default\" role=\"region\" aria-label=\"New Slideshow\" data-height=\"422\" data-width=\"908\">\n<div id=\"metaslider_container_1217\">\n<div id=\"metaslider_1217\">\n<ul class='slides'>\n<li style=\"display: block; width: 100%;\" class=\"slide-1607 ms-image \" aria-roledescription=\"slide\" data-date=\"2025-07-09 06:38:23\" data-filename=\"KaiserhofFront-908x422-1.jpg\" data-slide-type=\"image\"><img decoding=\"async\" loading=\"lazy\" src=\"https:\/\/www.kaiserhof-siegburg.de\/wp-content\/uploads\/2023\/01\/KaiserhofFront-908x422-1.jpg\" height=\"422\" width=\"908\" alt=\"\" class=\"slider-1217 slide-1607 msDefaultImage\" title=\"KaiserhofFront-908x422\" \/><\/li>\n<li style=\"display: none; width: 100%;\" class=\"slide-1221 ms-image \" aria-roledescription=\"slide\" data-date=\"2022-12-27 13:40:57\" data-filename=\"001-908x422.jpg\" data-slide-type=\"image\"><img decoding=\"async\" loading=\"lazy\" src=\"https:\/\/www.kaiserhof-siegburg.de\/wp-content\/uploads\/2014\/08\/001-908x422.jpg\" height=\"422\" width=\"908\" alt=\"\" class=\"slider-1217 slide-1221 msDefaultImage\" \/><\/li>\n<li style=\"display: none; width: 100%;\" class=\"slide-1222 ms-image \" aria-roledescription=\"slide\" data-date=\"2022-12-27 13:41:08\" data-filename=\"js_IMG_0633-908x422.jpg\" data-slide-type=\"image\"><img decoding=\"async\" loading=\"lazy\" src=\"https:\/\/www.kaiserhof-siegburg.de\/wp-content\/uploads\/2015\/09\/js_IMG_0633-908x422.jpg\" height=\"422\" width=\"908\" alt=\"\" class=\"slider-1217 slide-1222 msDefaultImage\" \/><\/li>\n<li style=\"display: none; width: 100%;\" class=\"slide-1223 ms-image \" aria-roledescription=\"slide\" data-date=\"2022-12-27 13:41:19\" data-filename=\"js_IMG_0606-908x422.jpg\" data-slide-type=\"image\"><img decoding=\"async\" loading=\"lazy\" src=\"https:\/\/www.kaiserhof-siegburg.de\/wp-content\/uploads\/2015\/09\/js_IMG_0606-908x422.jpg\" height=\"422\" width=\"908\" alt=\"\" class=\"slider-1217 slide-1223 msDefaultImage\" title=\"js_IMG_0606\" \/><\/li>\n<\/ul><\/div>\n<\/p><\/div>\n<\/div>\n<h3><u><br \/>\n<a href=\"https:\/\/www.kaiserhof-siegburg.de\/?page_id=122\"><br \/>\nUnser aktuelles Abhol- und Wochenangebot<\/a><\/u><\/h3>\n<p>Unser zentral gelegenes Haus in Siegburg befindet sich unmittelbar in der attraktiven Fu\u00dfg\u00e4ngerzone. Das pers\u00f6nlich gef\u00fchrte Hotel&nbsp;bietet sich sowohl f\u00fcr Gesch\u00e4fts- als auch f\u00fcr Privatkunden an. Auch die Besucher der Messen des Umlandes, wie zum Beispiel in K\u00f6ln und in D\u00fcsseldorf, finden hier einen komfortablen Schlafplatz mit einem exklusiven Restaurant. Das Auto findet einen gesch\u00fctzten Platz in der zur Anlage geh\u00f6renden Hoteltiefgarage.&nbsp;Zum neuen ICE Bahnhof ben\u00f6tigen Sie nur wenige Minuten.<\/p>\n<p><a href=\"&lt;blockquote\"><\/p>\n","protected":false},"excerpt":{"rendered":"<p>Unser aktuelles Abhol- und Wochenangebot Unser zentral gelegenes Haus in Siegburg befindet sich unmittelbar in der attraktiven Fu\u00dfg\u00e4ngerzone. Das pers\u00f6nlich gef\u00fchrte Hotel&nbsp;bietet sich sowohl f\u00fcr Gesch\u00e4fts- als auch f\u00fcr Privatkunden an. Auch die Besucher der Messen des Umlandes, wie zum Beispiel in K\u00f6ln und in D\u00fcsseldorf, finden hier einen komfortablen Schlafplatz mit einem exklusiven Restaurant. [&hellip;]<\/p>\n","protected":false},"author":1,"featured_media":0,"parent":0,"menu_order":0,"comment_status":"closed","ping_status":"closed","template":"","meta":[],"_links":{"self":[{"href":"https:\/\/www.kaiserhof-siegburg.de\/index.php?rest_route=\/wp\/v2\/pages\/2"}],"collection":[{"href":"https:\/\/www.kaiserhof-siegburg.de\/index.php?rest_route=\/wp\/v2\/pages"}],"about":[{"href":"https:\/\/www.kaiserhof-siegburg.de\/index.php?rest_route=\/wp\/v2\/types\/page"}],"author":[{"embeddable":true,"href":"https:\/\/www.kaiserhof-siegburg.de\/index.php?rest_route=\/wp\/v2\/users\/1"}],"replies":[{"embeddable":true,"href":"https:\/\/www.kaiserhof-siegburg.de\/index.php?rest_route=%2Fwp%2Fv2%2Fcomments&post=2"}],"version-history":[{"count":17,"href":"https:\/\/www.kaiserhof-siegburg.de\/index.php?rest_route=\/wp\/v2\/pages\/2\/revisions"}],"predecessor-version":[{"id":1220,"href":"https:\/\/www.kaiserhof-siegburg.de\/index.php?rest_route=\/wp\/v2\/pages\/2\/revisions\/1220"}],"wp:attachment":[{"href":"https:\/\/www.kaiserhof-siegburg.de\/index.php?rest_route=%2Fwp%2Fv2%2Fmedia&parent=2"}],"curies":[{"name":"wp","href":"https:\/\/api.w.org\/{rel}","templated":true}]}}