{"id":316,"date":"2015-07-02T14:03:51","date_gmt":"2015-07-02T14:03:51","guid":{"rendered":"http:\/\/www3.kaiserhof-siegburg.de\/?page_id=316"},"modified":"2019-07-24T14:45:53","modified_gmt":"2019-07-24T14:45:53","slug":"impressum","status":"publish","type":"page","link":"https:\/\/www.kaiserhof-siegburg.de\/?page_id=316","title":{"rendered":"Impressum"},"content":{"rendered":"<p>Herausgeber:<\/p>\n<p>KAISERHOF<br \/>\nRESTAURANT BRASSERIE HOTEL<\/p>\n<p>J\u00fcrgen Keller e.K.<br \/>\nKaiserstra\u00dfe 80<br \/>\n53721 Siegburg<\/p>\n<p>Tel. 02241-17 23 0<br \/>\nFax: 02241-17 23 50<br \/>\nEmail: <a title=\"info@kaiserhof-siegburg.de\" href=\"MAILTO:info@kaiserhof-siegburg.de\">info@kaiserhof-siegburg.de<\/a><br \/>\nInternet: www.kaiserhof-siegburg.de<\/p>\n<p>Gesch\u00e4ftsf\u00fchrer: J\u00fcrgen Keller<\/p>\n<p>Ust-Id.: DE  32 47 47  870<\/p>\n<p>Eintragung im Handelsregister<br \/>\nRegisternummer: HRA 1211<br \/>\nRegistergericht: Amtsgericht Siegburg<\/p>\n","protected":false},"excerpt":{"rendered":"<p>Herausgeber: KAISERHOF RESTAURANT BRASSERIE HOTEL J\u00fcrgen Keller e.K. Kaiserstra\u00dfe 80 53721 Siegburg Tel. 02241-17 23 0 Fax: 02241-17 23 50 Email: info@kaiserhof-siegburg.de Internet: www.kaiserhof-siegburg.de Gesch\u00e4ftsf\u00fchrer: J\u00fcrgen Keller Ust-Id.: DE 32 47 47 870 Eintragung im Handelsregister Registernummer: HRA 1211 Registergericht: Amtsgericht Siegburg<\/p>\n","protected":false},"author":3,"featured_media":0,"parent":0,"menu_order":0,"comment_status":"closed","ping_status":"closed","template":"","meta":[],"_links":{"self":[{"href":"https:\/\/www.kaiserhof-siegburg.de\/index.php?rest_route=\/wp\/v2\/pages\/316"}],"collection":[{"href":"https:\/\/www.kaiserhof-siegburg.de\/index.php?rest_route=\/wp\/v2\/pages"}],"about":[{"href":"https:\/\/www.kaiserhof-siegburg.de\/index.php?rest_route=\/wp\/v2\/types\/page"}],"author":[{"embeddable":true,"href":"https:\/\/www.kaiserhof-siegburg.de\/index.php?rest_route=\/wp\/v2\/users\/3"}],"replies":[{"embeddable":true,"href":"https:\/\/www.kaiserhof-siegburg.de\/index.php?rest_route=%2Fwp%2Fv2%2Fcomments&post=316"}],"version-history":[{"count":4,"href":"https:\/\/www.kaiserhof-siegburg.de\/index.php?rest_route=\/wp\/v2\/pages\/316\/revisions"}],"predecessor-version":[{"id":708,"href":"https:\/\/www.kaiserhof-siegburg.de\/index.php?rest_route=\/wp\/v2\/pages\/316\/revisions\/708"}],"wp:attachment":[{"href":"https:\/\/www.kaiserhof-siegburg.de\/index.php?rest_route=%2Fwp%2Fv2%2Fmedia&parent=316"}],"curies":[{"name":"wp","href":"https:\/\/api.w.org\/{rel}","templated":true}]}}