{"id":9,"date":"2014-05-20T15:10:08","date_gmt":"2014-05-20T15:10:08","guid":{"rendered":"http:\/\/www3.kaiserhof-siegburg.de\/?page_id=9"},"modified":"2025-03-28T06:43:05","modified_gmt":"2025-03-28T06:43:05","slug":"hotel","status":"publish","type":"page","link":"https:\/\/www.kaiserhof-siegburg.de\/?page_id=9","title":{"rendered":"Hotel"},"content":{"rendered":"\n<p><\/p>\n<blockquote>\n<p>Unsere modern eingerichteten Einzel- und Doppelzimmer sind alle mit Bad, Dusche, WC, Flachbild-TV und Telefon ausgestattet; des Weiteren haben Sie Zugang zum kostenfreien W-LAN. Lassen Sie den Tag mit einem schmackhaften Fr\u00fchst\u00fcck an unserem reichhaltigen Fr\u00fchst\u00fccksbuffet beginnen.<br><br><br>Preise incl. Fr\u00fchst\u00fcck:<br><br><\/p>\n<ul>\n<li>Einzelzimmer: \u20ac 105,- bis \u20ac 135,-<\/li>\n<li>Doppelzimmer: \u20ac 155,- bis \u20ac 175,-<\/li>\n<li>Juniorsuite f\u00fcr 2 Personen ca. 48qm: ab \u20ac 195,-<\/li>\n<li>Appartement f\u00fcr 3 Pers.: \u20ac 190,-<\/li>\n<\/ul>\n<ul>\n<li>Zustellbett: \u20ac 25,- (begrenzte Anzahl)<\/li>\n<li>Garagenplatz PKW bis 195 cm H\u00f6he : \u20ac 10,-\/ Tag<\/li>\n<\/ul>\nDurch Buchung auf unser Internetseite oder telefonisch an der Rezeption ( 02241 17 230 ) erhalten Sie garantiert den besten Preis f\u00fcr Ihre \u00dcbernachtung.<br><br>\n<h4><strong><a href=\"https:\/\/reservierung.kaiserhof-siegburg.de\" target=\"_blank\" rel=\"noopener noreferrer\">zur Zimmer-Reservierung<\/a><\/strong><\/h4>\n<br><br><br>\n<\/blockquote>\n<h1>So bewerten uns unsere G\u00e4ste<\/h1>\n<!-- TrustYou Widget -->\n<script type=\"text\/javascript\" src=\"https:\/\/api.trustyou.com\/static\/3rdparty\/iframe-resizer\/js\/iframeResizer.min.js\"><\/script>\n<iframe src=\"https:\/\/api.trustyou.com\/hotels\/6443747b-6030-495a-8fda-935957498a31\/tops_flops.html?key=ce36a953-4678-4d29-a28a-032d18b1ad46&amp;lang=de&amp;iframe_resizer=true\" allowtransparency=\"true\" frameborder=\"0\" width=\"100%\"><\/iframe>\n<script type=\"text\/javascript\">iFrameResize({});<\/script>\n<!-- \/TrustYou Widget -->\n\n<p><\/p>\n","protected":false},"excerpt":{"rendered":"<p>Unsere modern eingerichteten Einzel- und Doppelzimmer sind alle mit Bad, Dusche, WC, Flachbild-TV und Telefon ausgestattet; des Weiteren haben Sie Zugang zum kostenfreien W-LAN. Lassen Sie den Tag mit einem schmackhaften Fr\u00fchst\u00fcck an unserem reichhaltigen Fr\u00fchst\u00fccksbuffet beginnen. Preise incl. Fr\u00fchst\u00fcck: Einzelzimmer: \u20ac 105,- bis \u20ac 135,- Doppelzimmer: \u20ac 155,- bis \u20ac 175,- Juniorsuite f\u00fcr 2 [&hellip;]<\/p>\n","protected":false},"author":1,"featured_media":0,"parent":0,"menu_order":0,"comment_status":"closed","ping_status":"closed","template":"","meta":[],"_links":{"self":[{"href":"https:\/\/www.kaiserhof-siegburg.de\/index.php?rest_route=\/wp\/v2\/pages\/9"}],"collection":[{"href":"https:\/\/www.kaiserhof-siegburg.de\/index.php?rest_route=\/wp\/v2\/pages"}],"about":[{"href":"https:\/\/www.kaiserhof-siegburg.de\/index.php?rest_route=\/wp\/v2\/types\/page"}],"author":[{"embeddable":true,"href":"https:\/\/www.kaiserhof-siegburg.de\/index.php?rest_route=\/wp\/v2\/users\/1"}],"replies":[{"embeddable":true,"href":"https:\/\/www.kaiserhof-siegburg.de\/index.php?rest_route=%2Fwp%2Fv2%2Fcomments&post=9"}],"version-history":[{"count":29,"href":"https:\/\/www.kaiserhof-siegburg.de\/index.php?rest_route=\/wp\/v2\/pages\/9\/revisions"}],"predecessor-version":[{"id":1568,"href":"https:\/\/www.kaiserhof-siegburg.de\/index.php?rest_route=\/wp\/v2\/pages\/9\/revisions\/1568"}],"wp:attachment":[{"href":"https:\/\/www.kaiserhof-siegburg.de\/index.php?rest_route=%2Fwp%2Fv2%2Fmedia&parent=9"}],"curies":[{"name":"wp","href":"https:\/\/api.w.org\/{rel}","templated":true}]}}